{"id":20,"date":"2020-10-03T16:00:53","date_gmt":"2020-10-03T16:00:53","guid":{"rendered":"https:\/\/dasbesonderekind.ch\/?page_id=20"},"modified":"2020-10-03T16:10:28","modified_gmt":"2020-10-03T16:10:28","slug":"ueber-uns","status":"publish","type":"page","link":"https:\/\/dasbesonderekind.ch\/?page_id=20","title":{"rendered":"\u00dcber mich"},"content":{"rendered":"\n<figure class=\"wp-block-image size-large\"><img loading=\"lazy\" decoding=\"async\" width=\"667\" height=\"730\" src=\"https:\/\/dasbesonderekind.ch\/wp-content\/uploads\/2020\/10\/Lucia-1.png\" alt=\"\" class=\"wp-image-35\" srcset=\"https:\/\/dasbesonderekind.ch\/wp-content\/uploads\/2020\/10\/Lucia-1.png 667w, https:\/\/dasbesonderekind.ch\/wp-content\/uploads\/2020\/10\/Lucia-1-274x300.png 274w\" sizes=\"(max-width: 667px) 100vw, 667px\" \/><\/figure>\n\n\n\n<p><strong>Kontakt<\/strong><br><a href=\"mailto:lucia.frunz@gmx.ch\">lucia.frunz@gmx.ch<\/a><br>+41 43 343 90 91<\/p>\n\n\n\n<p><strong>Ausbildung<\/strong><\/p>\n\n\n\n<ul><li>Kindergarten Seminar<\/li><li>Logop\u00e4diestudium<\/li><li>Ausbildung Bobaththerapie mit Spezialisierung in Ess- und Trinktherapie<\/li><li>Ausbildung Bobaththerapie f\u00fcr S\u00e4uglinge<\/li><li>Ausbildung zur Lehrtherapeutin Bobath<\/li><\/ul>\n\n\n\n<p><strong>Berufliche T\u00e4tigkeit<\/strong><\/p>\n\n\n\n<ul><li>Kinderg\u00e4rtnerin<\/li><li>Logop\u00e4din im Fr\u00fchbereich, Zentrum f\u00fcr k\u00f6rperbehinderte Kinder Baden- D\u00e4ttwil<\/li><li>Logop\u00e4din im Kinderspital Z\u00fcrich<\/li><li>2011 Gr\u00fcndung der Praxis f\u00fcr das besondere Kind<\/li><\/ul>\n\n\n\n<p><strong>Weiterbildungen<\/strong><\/p>\n\n\n\n<ul><li>Orofaziale Regulationstherapie nach Castillo Morales<\/li><li>F.O.T.T. (Facial Oral Tract Therapy)<\/li><li>Diverse Weiterbildungen im Bereich Schluckst\u00f6rungen, Behindertenp\u00e4dagogik, Unterst\u00fctzte Kommunikation<\/li><li>Fr\u00fche interaktive Sprachtherapie mit Elterntraining (FiSchE \u00a9)<\/li><li>Heildelberger Elterntraining<\/li><li>K-Taping in der Logop\u00e4die<\/li><\/ul>\n\n\n\n<p><strong>Lehrt\u00e4tigkeit<\/strong><\/p>\n\n\n\n<ul><li>Kursleitung f\u00fcr Ess- und Trinktherapie bei Kindern<\/li><li>Supervisorin<\/li><li>Praktikumsleiterin<\/li><\/ul>\n","protected":false},"excerpt":{"rendered":"<p>Kontaktlucia.frunz@gmx.ch+41 43 343 90 91 Ausbildung Kindergarten Seminar Logop\u00e4diestudium Ausbildung Bobaththerapie mit Spezialisierung in Ess- und Trinktherapie Ausbildung Bobaththerapie f\u00fcr S\u00e4uglinge Ausbildung zur Lehrtherapeutin Bobath Berufliche T\u00e4tigkeit Kinderg\u00e4rtnerin Logop\u00e4din im Fr\u00fchbereich, Zentrum f\u00fcr k\u00f6rperbehinderte Kinder Baden- D\u00e4ttwil Logop\u00e4din im Kinderspital Z\u00fcrich 2011 Gr\u00fcndung der Praxis f\u00fcr das besondere Kind Weiterbildungen Orofaziale Regulationstherapie nach Castillo Morales &#8230; <span class=\"more\"><a class=\"more-link\" href=\"https:\/\/dasbesonderekind.ch\/?page_id=20\">[Read more&#8230;]<\/a><\/span><\/p>\n","protected":false},"author":1,"featured_media":0,"parent":0,"menu_order":0,"comment_status":"closed","ping_status":"closed","template":"","meta":{"footnotes":""},"_links":{"self":[{"href":"https:\/\/dasbesonderekind.ch\/index.php?rest_route=\/wp\/v2\/pages\/20"}],"collection":[{"href":"https:\/\/dasbesonderekind.ch\/index.php?rest_route=\/wp\/v2\/pages"}],"about":[{"href":"https:\/\/dasbesonderekind.ch\/index.php?rest_route=\/wp\/v2\/types\/page"}],"author":[{"embeddable":true,"href":"https:\/\/dasbesonderekind.ch\/index.php?rest_route=\/wp\/v2\/users\/1"}],"replies":[{"embeddable":true,"href":"https:\/\/dasbesonderekind.ch\/index.php?rest_route=%2Fwp%2Fv2%2Fcomments&post=20"}],"version-history":[{"count":2,"href":"https:\/\/dasbesonderekind.ch\/index.php?rest_route=\/wp\/v2\/pages\/20\/revisions"}],"predecessor-version":[{"id":36,"href":"https:\/\/dasbesonderekind.ch\/index.php?rest_route=\/wp\/v2\/pages\/20\/revisions\/36"}],"wp:attachment":[{"href":"https:\/\/dasbesonderekind.ch\/index.php?rest_route=%2Fwp%2Fv2%2Fmedia&parent=20"}],"curies":[{"name":"wp","href":"https:\/\/api.w.org\/{rel}","templated":true}]}}