{"id":2,"date":"2020-10-03T14:31:21","date_gmt":"2020-10-03T14:31:21","guid":{"rendered":"https:\/\/dasbesonderekind.ch\/?page_id=2"},"modified":"2020-10-03T16:14:10","modified_gmt":"2020-10-03T16:14:10","slug":"sample-page","status":"publish","type":"page","link":"https:\/\/dasbesonderekind.ch\/","title":{"rendered":"Willkommen"},"content":{"rendered":"\n<figure class=\"wp-block-image size-large\"><img loading=\"lazy\" decoding=\"async\" width=\"1024\" height=\"916\" src=\"https:\/\/dasbesonderekind.ch\/wp-content\/uploads\/2020\/10\/cropped-DEF_Logo_Praxis_RGB_1600px-1024x916.jpeg\" alt=\"\" class=\"wp-image-12\" srcset=\"https:\/\/dasbesonderekind.ch\/wp-content\/uploads\/2020\/10\/cropped-DEF_Logo_Praxis_RGB_1600px-1024x916.jpeg 1024w, https:\/\/dasbesonderekind.ch\/wp-content\/uploads\/2020\/10\/cropped-DEF_Logo_Praxis_RGB_1600px-300x268.jpeg 300w, https:\/\/dasbesonderekind.ch\/wp-content\/uploads\/2020\/10\/cropped-DEF_Logo_Praxis_RGB_1600px-768x687.jpeg 768w, https:\/\/dasbesonderekind.ch\/wp-content\/uploads\/2020\/10\/cropped-DEF_Logo_Praxis_RGB_1600px.jpeg 1500w\" sizes=\"(max-width: 1024px) 100vw, 1024px\" \/><\/figure>\n\n\n\n<p>Unsere therapeutischen Angebote richten sich speziell an Kinder mit eingeschr\u00e4nkter Funktionsf\u00e4higkeit beim Schlucken, Essen, Trinken und Sprechen, Kinder mit einer Autismus-Spektrum-St\u00f6rung und ausbleibender lautsprachlicher Entwicklung.<\/p>\n","protected":false},"excerpt":{"rendered":"<p>Unsere therapeutischen Angebote richten sich speziell an Kinder mit eingeschr\u00e4nkter Funktionsf\u00e4higkeit beim Schlucken, Essen, Trinken und Sprechen, Kinder mit einer Autismus-Spektrum-St\u00f6rung und ausbleibender lautsprachlicher Entwicklung.<\/p>\n","protected":false},"author":1,"featured_media":0,"parent":0,"menu_order":0,"comment_status":"closed","ping_status":"closed","template":"","meta":{"footnotes":""},"_links":{"self":[{"href":"https:\/\/dasbesonderekind.ch\/index.php?rest_route=\/wp\/v2\/pages\/2"}],"collection":[{"href":"https:\/\/dasbesonderekind.ch\/index.php?rest_route=\/wp\/v2\/pages"}],"about":[{"href":"https:\/\/dasbesonderekind.ch\/index.php?rest_route=\/wp\/v2\/types\/page"}],"author":[{"embeddable":true,"href":"https:\/\/dasbesonderekind.ch\/index.php?rest_route=\/wp\/v2\/users\/1"}],"replies":[{"embeddable":true,"href":"https:\/\/dasbesonderekind.ch\/index.php?rest_route=%2Fwp%2Fv2%2Fcomments&post=2"}],"version-history":[{"count":5,"href":"https:\/\/dasbesonderekind.ch\/index.php?rest_route=\/wp\/v2\/pages\/2\/revisions"}],"predecessor-version":[{"id":38,"href":"https:\/\/dasbesonderekind.ch\/index.php?rest_route=\/wp\/v2\/pages\/2\/revisions\/38"}],"wp:attachment":[{"href":"https:\/\/dasbesonderekind.ch\/index.php?rest_route=%2Fwp%2Fv2%2Fmedia&parent=2"}],"curies":[{"name":"wp","href":"https:\/\/api.w.org\/{rel}","templated":true}]}}