{"id":16,"date":"2020-10-03T15:59:35","date_gmt":"2020-10-03T15:59:35","guid":{"rendered":"https:\/\/dasbesonderekind.ch\/?page_id=16"},"modified":"2020-10-03T15:59:35","modified_gmt":"2020-10-03T15:59:35","slug":"essen-und-trinken","status":"publish","type":"page","link":"https:\/\/dasbesonderekind.ch\/?page_id=16","title":{"rendered":"Essen und Trinken"},"content":{"rendered":"\n<p>Beim gemeinsamen Zubereiten und Essen k\u00f6nnen die Kinder Essfunktionen lernen, neue Nahrungsmittel entdecken, Toleranz f\u00fcr verschiedene Konsistenzen entwickeln oder \u00c4ngste abbauen.<\/p>\n\n\n\n<p>Die Behandlung von Ess- und Trinkst\u00f6rungen folgt nach dem Bobath Konzept und dem Therapiekonzept von Castillo Morales.<\/p>\n\n\n\n<p>Ziele und Vorgehensweise sind f\u00fcr jedes Kind spezifisch.<\/p>\n\n\n\n<p>Die Therapie findet in Zusammenarbeit mit der Familie und den beteiligten Fachpersonen statt.<\/p>\n","protected":false},"excerpt":{"rendered":"<p>Beim gemeinsamen Zubereiten und Essen k\u00f6nnen die Kinder Essfunktionen lernen, neue Nahrungsmittel entdecken, Toleranz f\u00fcr verschiedene Konsistenzen entwickeln oder \u00c4ngste abbauen. Die Behandlung von Ess- und Trinkst\u00f6rungen folgt nach dem Bobath Konzept und dem Therapiekonzept von Castillo Morales. Ziele und Vorgehensweise sind f\u00fcr jedes Kind spezifisch. Die Therapie findet in Zusammenarbeit mit der Familie und &#8230; <span class=\"more\"><a class=\"more-link\" href=\"https:\/\/dasbesonderekind.ch\/?page_id=16\">[Read more&#8230;]<\/a><\/span><\/p>\n","protected":false},"author":1,"featured_media":0,"parent":0,"menu_order":0,"comment_status":"closed","ping_status":"closed","template":"","meta":{"footnotes":""},"_links":{"self":[{"href":"https:\/\/dasbesonderekind.ch\/index.php?rest_route=\/wp\/v2\/pages\/16"}],"collection":[{"href":"https:\/\/dasbesonderekind.ch\/index.php?rest_route=\/wp\/v2\/pages"}],"about":[{"href":"https:\/\/dasbesonderekind.ch\/index.php?rest_route=\/wp\/v2\/types\/page"}],"author":[{"embeddable":true,"href":"https:\/\/dasbesonderekind.ch\/index.php?rest_route=\/wp\/v2\/users\/1"}],"replies":[{"embeddable":true,"href":"https:\/\/dasbesonderekind.ch\/index.php?rest_route=%2Fwp%2Fv2%2Fcomments&post=16"}],"version-history":[{"count":1,"href":"https:\/\/dasbesonderekind.ch\/index.php?rest_route=\/wp\/v2\/pages\/16\/revisions"}],"predecessor-version":[{"id":17,"href":"https:\/\/dasbesonderekind.ch\/index.php?rest_route=\/wp\/v2\/pages\/16\/revisions\/17"}],"wp:attachment":[{"href":"https:\/\/dasbesonderekind.ch\/index.php?rest_route=%2Fwp%2Fv2%2Fmedia&parent=16"}],"curies":[{"name":"wp","href":"https:\/\/api.w.org\/{rel}","templated":true}]}}