{"id":14,"date":"2020-10-03T15:58:00","date_gmt":"2020-10-03T15:58:00","guid":{"rendered":"https:\/\/dasbesonderekind.ch\/?page_id=14"},"modified":"2020-10-11T14:54:51","modified_gmt":"2020-10-11T14:54:51","slug":"angebot","status":"publish","type":"page","link":"https:\/\/dasbesonderekind.ch\/?page_id=14","title":{"rendered":"Angebot"},"content":{"rendered":"\n<figure class=\"wp-block-image size-large\"><img loading=\"lazy\" decoding=\"async\" width=\"943\" height=\"708\" src=\"https:\/\/dasbesonderekind.ch\/wp-content\/uploads\/2020\/10\/angebot-1.png\" alt=\"\" class=\"wp-image-41\" srcset=\"https:\/\/dasbesonderekind.ch\/wp-content\/uploads\/2020\/10\/angebot-1.png 943w, https:\/\/dasbesonderekind.ch\/wp-content\/uploads\/2020\/10\/angebot-1-300x225.png 300w, https:\/\/dasbesonderekind.ch\/wp-content\/uploads\/2020\/10\/angebot-1-768x577.png 768w\" sizes=\"(max-width: 943px) 100vw, 943px\" \/><\/figure>\n\n\n\n<p>Wir sind eine logop\u00e4dische Praxis f\u00fcr Kinder mit Mehrfachbehinderung mit Spezialisierung in Unterst\u00fctzter Kommunikation sowie in Ess- und Trinktherapie.<\/p>\n\n\n\n<p>Wir beraten Eltern bez\u00fcglich ihren Fragen zur Nahrungsaufnahme und zur Sprachentwicklung.<\/p>\n\n\n\n<p>Kinder mit Schluck-, Trink- und Essproblemen sowie Kinder mit St\u00f6rungen der Sprachentwicklung sollen m\u00f6glichst fr\u00fchzeitig erfasst und behandelt werden.<\/p>\n\n\n\n<p>F\u00fcr Kinder im Vorschulbereich aus dem Kanton Z\u00fcrich ist die Erstberatung kostenlos. Setzten Sie sich f\u00fcr einen Termin direkt mit uns in Verbindung.<\/p>\n\n\n\n<p>Die Kosten f\u00fcr die Therapie werden bei Kindern im Vorschulbereich vom Kanton Z\u00fcrich \u00fcbernommen.<\/p>\n\n\n\n<p>\u00dcber die Therapieindikation und Kosten\u00fcbernahme entscheidet die Fachstelle f\u00fcr Sonderp\u00e4dagogik (Kinderspital Z\u00fcrich oder Kinderklinik Winterthur).<\/p>\n","protected":false},"excerpt":{"rendered":"<p>Wir sind eine logop\u00e4dische Praxis f\u00fcr Kinder mit Mehrfachbehinderung mit Spezialisierung in Unterst\u00fctzter Kommunikation sowie in Ess- und Trinktherapie. Wir beraten Eltern bez\u00fcglich ihren Fragen zur Nahrungsaufnahme und zur Sprachentwicklung. Kinder mit Schluck-, Trink- und Essproblemen sowie Kinder mit St\u00f6rungen der Sprachentwicklung sollen m\u00f6glichst fr\u00fchzeitig erfasst und behandelt werden. F\u00fcr Kinder im Vorschulbereich aus dem &#8230; <span class=\"more\"><a class=\"more-link\" href=\"https:\/\/dasbesonderekind.ch\/?page_id=14\">[Read more&#8230;]<\/a><\/span><\/p>\n","protected":false},"author":1,"featured_media":0,"parent":0,"menu_order":0,"comment_status":"closed","ping_status":"closed","template":"","meta":{"footnotes":""},"_links":{"self":[{"href":"https:\/\/dasbesonderekind.ch\/index.php?rest_route=\/wp\/v2\/pages\/14"}],"collection":[{"href":"https:\/\/dasbesonderekind.ch\/index.php?rest_route=\/wp\/v2\/pages"}],"about":[{"href":"https:\/\/dasbesonderekind.ch\/index.php?rest_route=\/wp\/v2\/types\/page"}],"author":[{"embeddable":true,"href":"https:\/\/dasbesonderekind.ch\/index.php?rest_route=\/wp\/v2\/users\/1"}],"replies":[{"embeddable":true,"href":"https:\/\/dasbesonderekind.ch\/index.php?rest_route=%2Fwp%2Fv2%2Fcomments&post=14"}],"version-history":[{"count":6,"href":"https:\/\/dasbesonderekind.ch\/index.php?rest_route=\/wp\/v2\/pages\/14\/revisions"}],"predecessor-version":[{"id":49,"href":"https:\/\/dasbesonderekind.ch\/index.php?rest_route=\/wp\/v2\/pages\/14\/revisions\/49"}],"wp:attachment":[{"href":"https:\/\/dasbesonderekind.ch\/index.php?rest_route=%2Fwp%2Fv2%2Fmedia&parent=14"}],"curies":[{"name":"wp","href":"https:\/\/api.w.org\/{rel}","templated":true}]}}